{"id":18185,"date":"2017-07-05T10:20:29","date_gmt":"2017-07-05T10:20:29","guid":{"rendered":"http:\/\/www.aranaarquitectos.es\/?page_id=18185"},"modified":"2023-09-29T12:33:29","modified_gmt":"2023-09-29T10:33:29","slug":"gestion-de-ayudas-y-subvenciones","status":"publish","type":"page","link":"https:\/\/arkreaarquitectura.com\/index.php\/gestion-de-ayudas-y-subvenciones\/","title":{"rendered":"Gesti\u00f3n de ayudas y subvenciones"},"content":{"rendered":"<section class=\"wpb-content-wrapper\"><p>[vc_row force_equal_height_columns=\u00bbno\u00bb][vc_column]<div class=\"ult-spacer spacer-6a0958e66ef32\" data-id=\"6a0958e66ef32\" data-height=\"60\" data-height-mobile=\"40\" data-height-tab=\"60\" data-height-tab-portrait=\"\" data-height-mobile-landscape=\"\" style=\"clear:both;display:block;\"><\/div>[\/vc_column][\/vc_row][vc_row force_equal_height_columns=\u00bbno\u00bb disable_element=\u00bbyes\u00bb][vc_column width=\u00bb1\/6&#8243;][\/vc_column][vc_column width=\u00bb2\/3&#8243;]<div class=\"ult-spacer spacer-6a0958e66ef4b\" data-id=\"6a0958e66ef4b\" data-height=\"60\" data-height-mobile=\"40\" data-height-tab=\"60\" data-height-tab-portrait=\"\" data-height-mobile-landscape=\"\" style=\"clear:both;display:block;\"><\/div><div class=\"dfd-heading-shortcode\"><div class=\"dfd-heading-module-wrap arquitectura text-center style_01 dfd-heading-6a0958e66ef9c dfd-enable-resposive-headings\" id=\"dfd-heading-6a0958e66ef9c\" ><div class=\"inline-block\"><div class=\"dfd-heading-module\"><h3 class=\"widget-title dfd-title \" style=\"color: #5b5b5b !important; \"><\/p>\n<p class=\"p1\">Estamos altamente especializados en obras de intervenci\u00f3n sobre edificios existentes, con gran experiencia y reconocimiento en las rehabilitaciones integrales de edificios, reformas de fachadas y cubiertas, instalaci\u00f3n de ascensores, refuerzos de estructuras e informes periciales sobre patolog\u00edas de la edificaci\u00f3n.<\/p>\n<p><\/h3><\/div><\/div><\/div><script type=\"text\/javascript\">\n\t\t\t\t\t\t\t\t\t(function($) {\n\t\t\t\t\t\t\t\t\t\t$(\"head\").append(\"<style>.dfd-heading-6a0958e66ef9c.dfd-heading-module-wrap .dfd-heading-module .dfd-heading-delimiter {margin-top:10px;margin-bottom:10px;}<\/style>\");\n\t\t\t\t\t\t\t\t\t})(jQuery);\n\t\t\t\t\t\t\t\t<\/script><\/div><div class=\"ult-spacer spacer-6a0958e66f068\" data-id=\"6a0958e66f068\" data-height=\"45\" data-height-mobile=\"25\" data-height-tab=\"35\" data-height-tab-portrait=\"\" data-height-mobile-landscape=\"\" style=\"clear:both;display:block;\"><\/div>[\/vc_column][vc_column width=\u00bb1\/6&#8243;][\/vc_column][\/vc_row][vc_row disable_element=\u00bbyes\u00bb][vc_column width=\u00bb1\/3&#8243;][vc_single_image image=\u00bb18603&#8243; img_size=\u00bb200&#215;231&#8243; alignment=\u00bbcenter\u00bb style=\u00bbvc_box_rounded\u00bb onclick=\u00bbcustom_link\u00bb link=\u00bbhttp:\/\/www.aranaarquitectos.es\/index.php\/comunidades-administracion-fincas\/gestion-ayudas-subvenciones\/\u00bb]<div class=\"ult-spacer spacer-6a0958e66f075\" data-id=\"6a0958e66f075\" data-height=\"20\" data-height-mobile=\"20\" data-height-tab=\"20\" data-height-tab-portrait=\"\" data-height-mobile-landscape=\"\" style=\"clear:both;display:block;\"><\/div><div class=\"dfd-heading-shortcode\"><div class=\"dfd-heading-module-wrap  text-center style_01 dfd-heading-6a0958e66f0a5 dfd-enable-resposive-headings\" id=\"dfd-heading-6a0958e66f0a5\" ><div class=\"inline-block\"><div class=\"dfd-heading-module\"><h5 class=\"widget-title dfd-title \" style=\"font-family:Quicksand; font-weight:300; font-style:normal; font-size: 23px; color: #5b5b5b !important; line-height: 28px; \">GESTI\u00d3N DE AYUDAS Y SUBVENCIONES<\/h5><\/div><\/div><\/div><script type=\"text\/javascript\">\n\t\t\t\t\t\t\t\t\t(function($) {\n\t\t\t\t\t\t\t\t\t\t$(\"head\").append(\"<style>.dfd-heading-6a0958e66f0a5.dfd-heading-module-wrap .dfd-heading-module .dfd-heading-delimiter {margin-top:10px;margin-bottom:10px;}<\/style>\");\n\t\t\t\t\t\t\t\t\t})(jQuery);\n\t\t\t\t\t\t\t\t<\/script><\/div><div class=\"ult-spacer spacer-6a0958e66f197\" data-id=\"6a0958e66f197\" data-height=\"20\" data-height-mobile=\"20\" data-height-tab=\"20\" data-height-tab-portrait=\"\" data-height-mobile-landscape=\"\" style=\"clear:both;display:block;\"><\/div>[\/vc_column][vc_column width=\u00bb1\/3&#8243;][vc_single_image image=\u00bb18604&#8243; img_size=\u00bb200&#215;231&#8243; alignment=\u00bbcenter\u00bb style=\u00bbvc_box_rounded\u00bb onclick=\u00bbcustom_link\u00bb link=\u00bbhttp:\/\/www.aranaarquitectos.es\/index.php\/comunidades-administracion-fincas\/inspeccion-tecnica-edificios-ite\/\u00bb]<div class=\"ult-spacer spacer-6a0958e66f1a3\" data-id=\"6a0958e66f1a3\" data-height=\"20\" data-height-mobile=\"20\" data-height-tab=\"20\" data-height-tab-portrait=\"\" data-height-mobile-landscape=\"\" style=\"clear:both;display:block;\"><\/div><div class=\"dfd-heading-shortcode\"><div class=\"dfd-heading-module-wrap  text-center style_01 dfd-heading-6a0958e66f1d1 dfd-enable-resposive-headings\" id=\"dfd-heading-6a0958e66f1d1\" ><div class=\"inline-block\"><div class=\"dfd-heading-module\"><h5 class=\"widget-title dfd-title \" style=\"font-family:Quicksand; font-weight:300; font-style:normal; font-size: 23px; color: #5b5b5b !important; line-height: 28px; \">INSPECCI\u00d3N T\u00c9CNICA DE EDIFICIOS (ITE)<\/h5><\/div><\/div><\/div><script type=\"text\/javascript\">\n\t\t\t\t\t\t\t\t\t(function($) {\n\t\t\t\t\t\t\t\t\t\t$(\"head\").append(\"<style>.dfd-heading-6a0958e66f1d1.dfd-heading-module-wrap .dfd-heading-module .dfd-heading-delimiter {margin-top:10px;margin-bottom:10px;}<\/style>\");\n\t\t\t\t\t\t\t\t\t})(jQuery);\n\t\t\t\t\t\t\t\t<\/script><\/div><div class=\"ult-spacer spacer-6a0958e66f240\" data-id=\"6a0958e66f240\" data-height=\"20\" data-height-mobile=\"20\" data-height-tab=\"20\" data-height-tab-portrait=\"\" data-height-mobile-landscape=\"\" style=\"clear:both;display:block;\"><\/div>[\/vc_column][vc_column width=\u00bb1\/3&#8243;][vc_single_image image=\u00bb18605&#8243; img_size=\u00bb200&#215;231&#8243; alignment=\u00bbcenter\u00bb style=\u00bbvc_box_rounded\u00bb onclick=\u00bbcustom_link\u00bb link=\u00bbhttp:\/\/www.aranaarquitectos.es\/index.php\/comunidades-administracion-fincas\/reformas-y-rehabilitacion\/\u00bb]<div class=\"ult-spacer spacer-6a0958e66f24a\" data-id=\"6a0958e66f24a\" data-height=\"20\" data-height-mobile=\"20\" data-height-tab=\"20\" data-height-tab-portrait=\"\" data-height-mobile-landscape=\"\" style=\"clear:both;display:block;\"><\/div><div class=\"dfd-heading-shortcode\"><div class=\"dfd-heading-module-wrap  text-center style_01 dfd-heading-6a0958e66f275 dfd-enable-resposive-headings\" id=\"dfd-heading-6a0958e66f275\" ><div class=\"inline-block\"><div class=\"dfd-heading-module\"><h5 class=\"widget-title dfd-title \" style=\"font-family:Quicksand; font-weight:300; font-style:normal; font-size: 23px; color: #5b5b5b !important; line-height: 28px; \">REFORMAS Y REHABILITACI\u00d3N<\/h5><\/div><\/div><\/div><script type=\"text\/javascript\">\n\t\t\t\t\t\t\t\t\t(function($) {\n\t\t\t\t\t\t\t\t\t\t$(\"head\").append(\"<style>.dfd-heading-6a0958e66f275.dfd-heading-module-wrap .dfd-heading-module .dfd-heading-delimiter {margin-top:10px;margin-bottom:10px;}<\/style>\");\n\t\t\t\t\t\t\t\t\t})(jQuery);\n\t\t\t\t\t\t\t\t<\/script><\/div><div class=\"ult-spacer spacer-6a0958e66f2dc\" data-id=\"6a0958e66f2dc\" data-height=\"40\" data-height-mobile=\"20\" data-height-tab=\"40\" data-height-tab-portrait=\"\" data-height-mobile-landscape=\"\" style=\"clear:both;display:block;\"><\/div>[\/vc_column][\/vc_row][vc_row disable_element=\u00bbyes\u00bb][vc_column width=\u00bb1\/3&#8243;][vc_single_image image=\u00bb18606&#8243; img_size=\u00bb200&#215;231&#8243; alignment=\u00bbcenter\u00bb style=\u00bbvc_box_rounded\u00bb onclick=\u00bbcustom_link\u00bb link=\u00bbhttp:\/\/www.aranaarquitectos.es\/index.php\/comunidades-administracion-fincas\/certificado-eficiencia-energetica\/\u00bb]<div class=\"ult-spacer spacer-6a0958e66f2e6\" data-id=\"6a0958e66f2e6\" data-height=\"20\" data-height-mobile=\"20\" data-height-tab=\"20\" data-height-tab-portrait=\"\" data-height-mobile-landscape=\"\" style=\"clear:both;display:block;\"><\/div><div class=\"dfd-heading-shortcode\"><div class=\"dfd-heading-module-wrap  text-center style_01 dfd-heading-6a0958e66f311 dfd-enable-resposive-headings\" id=\"dfd-heading-6a0958e66f311\" ><div class=\"inline-block\"><div class=\"dfd-heading-module\"><h5 class=\"widget-title dfd-title \" style=\"font-family:Quicksand; font-weight:300; font-style:normal; font-size: 23px; color: #5b5b5b !important; line-height: 28px; \">CERTIFICADO DE EFICIENCIA ENERG\u00c9TICA<\/h5><\/div><\/div><\/div><script type=\"text\/javascript\">\n\t\t\t\t\t\t\t\t\t(function($) {\n\t\t\t\t\t\t\t\t\t\t$(\"head\").append(\"<style>.dfd-heading-6a0958e66f311.dfd-heading-module-wrap .dfd-heading-module .dfd-heading-delimiter {margin-top:10px;margin-bottom:10px;}<\/style>\");\n\t\t\t\t\t\t\t\t\t})(jQuery);\n\t\t\t\t\t\t\t\t<\/script><\/div><div class=\"ult-spacer spacer-6a0958e66f379\" data-id=\"6a0958e66f379\" data-height=\"20\" data-height-mobile=\"20\" data-height-tab=\"20\" data-height-tab-portrait=\"\" data-height-mobile-landscape=\"\" style=\"clear:both;display:block;\"><\/div>[\/vc_column][vc_column width=\u00bb1\/3&#8243;][vc_single_image image=\u00bb18607&#8243; img_size=\u00bb200&#215;231&#8243; alignment=\u00bbcenter\u00bb style=\u00bbvc_box_rounded\u00bb onclick=\u00bbcustom_link\u00bb link=\u00bbhttp:\/\/www.aranaarquitectos.es\/index.php\/comunidades-administracion-fincas\/accesibilidad-2\/\u00bb]<div class=\"ult-spacer spacer-6a0958e66f382\" data-id=\"6a0958e66f382\" data-height=\"20\" data-height-mobile=\"20\" data-height-tab=\"20\" data-height-tab-portrait=\"\" data-height-mobile-landscape=\"\" style=\"clear:both;display:block;\"><\/div><div class=\"dfd-heading-shortcode\"><div class=\"dfd-heading-module-wrap  text-center style_01 dfd-heading-6a0958e66f3ad dfd-enable-resposive-headings\" id=\"dfd-heading-6a0958e66f3ad\" ><div class=\"inline-block\"><div class=\"dfd-heading-module\"><h5 class=\"widget-title dfd-title \" style=\"font-family:Quicksand; font-weight:300; font-style:normal; font-size: 23px; color: #5b5b5b !important; line-height: 28px; \">ACCESIBILIDAD<\/h5><\/div><\/div><\/div><script type=\"text\/javascript\">\n\t\t\t\t\t\t\t\t\t(function($) {\n\t\t\t\t\t\t\t\t\t\t$(\"head\").append(\"<style>.dfd-heading-6a0958e66f3ad.dfd-heading-module-wrap .dfd-heading-module .dfd-heading-delimiter {margin-top:10px;margin-bottom:10px;}<\/style>\");\n\t\t\t\t\t\t\t\t\t})(jQuery);\n\t\t\t\t\t\t\t\t<\/script><\/div><div class=\"ult-spacer spacer-6a0958e66f40d\" data-id=\"6a0958e66f40d\" data-height=\"20\" data-height-mobile=\"20\" data-height-tab=\"20\" data-height-tab-portrait=\"\" data-height-mobile-landscape=\"\" style=\"clear:both;display:block;\"><\/div>[\/vc_column][vc_column width=\u00bb1\/3&#8243;][vc_single_image image=\u00bb18608&#8243; img_size=\u00bb200&#215;231&#8243; alignment=\u00bbcenter\u00bb style=\u00bbvc_box_rounded\u00bb onclick=\u00bbcustom_link\u00bb link=\u00bbhttp:\/\/www.aranaarquitectos.es\/index.php\/comunidades-administracion-fincas\/informes-y-peritaciones\/\u00bb]<div class=\"ult-spacer spacer-6a0958e66f416\" data-id=\"6a0958e66f416\" data-height=\"20\" data-height-mobile=\"20\" data-height-tab=\"20\" data-height-tab-portrait=\"\" data-height-mobile-landscape=\"\" style=\"clear:both;display:block;\"><\/div><div class=\"dfd-heading-shortcode\"><div class=\"dfd-heading-module-wrap  text-center style_01 dfd-heading-6a0958e66f43e dfd-enable-resposive-headings\" id=\"dfd-heading-6a0958e66f43e\" ><div class=\"inline-block\"><div class=\"dfd-heading-module\"><h5 class=\"widget-title dfd-title \" style=\"font-family:Quicksand; font-weight:300; font-style:normal; font-size: 23px; color: #5b5b5b !important; line-height: 28px; \">INFORMES Y PERITACIONES<\/h5><\/div><\/div><\/div><script type=\"text\/javascript\">\n\t\t\t\t\t\t\t\t\t(function($) {\n\t\t\t\t\t\t\t\t\t\t$(\"head\").append(\"<style>.dfd-heading-6a0958e66f43e.dfd-heading-module-wrap .dfd-heading-module .dfd-heading-delimiter {margin-top:10px;margin-bottom:10px;}<\/style>\");\n\t\t\t\t\t\t\t\t\t})(jQuery);\n\t\t\t\t\t\t\t\t<\/script><\/div><div class=\"ult-spacer spacer-6a0958e66f49d\" data-id=\"6a0958e66f49d\" data-height=\"20\" data-height-mobile=\"20\" data-height-tab=\"20\" data-height-tab-portrait=\"\" data-height-mobile-landscape=\"\" style=\"clear:both;display:block;\"><\/div>[\/vc_column][\/vc_row][vc_row][vc_column width=\u00bb1\/4&#8243;][\/vc_column][vc_column width=\u00bb1\/4&#8243;][vc_single_image image=\u00bb19201&#8243; img_size=\u00bb200&#215;231&#8243; alignment=\u00bbcenter\u00bb style=\u00bbvc_box_rounded\u00bb onclick=\u00bbcustom_link\u00bb link=\u00bbhttps:\/\/arkreaarquitectura.com\/index.php\/gestion-de-ayudas-y-subvenciones\/rehabilitacion-energetica-ayudas\/\u00bb]<div class=\"ult-spacer spacer-6a0958e66f4a6\" data-id=\"6a0958e66f4a6\" data-height=\"20\" data-height-mobile=\"20\" data-height-tab=\"20\" data-height-tab-portrait=\"\" data-height-mobile-landscape=\"\" style=\"clear:both;display:block;\"><\/div><div class=\"dfd-heading-shortcode\"><div class=\"dfd-heading-module-wrap  text-center style_01 dfd-heading-6a0958e66f4cd dfd-enable-resposive-headings\" id=\"dfd-heading-6a0958e66f4cd\" ><div class=\"inline-block\"><div class=\"dfd-heading-module\"><h5 class=\"widget-title dfd-title \" style=\"font-family:Quicksand; font-weight:300; font-style:normal; font-size: 25px; color: #5b5b5b !important; line-height: 30px; \">REHABILITACI\u00d3N ENERG\u00c9TICA (AYUDAS)<\/h5><\/div><\/div><\/div><script type=\"text\/javascript\">\n\t\t\t\t\t\t\t\t\t(function($) {\n\t\t\t\t\t\t\t\t\t\t$(\"head\").append(\"<style>.dfd-heading-6a0958e66f4cd.dfd-heading-module-wrap .dfd-heading-module .dfd-heading-delimiter {margin-top:10px;margin-bottom:10px;}<\/style>\");\n\t\t\t\t\t\t\t\t\t})(jQuery);\n\t\t\t\t\t\t\t\t<\/script><\/div><div class=\"ult-spacer spacer-6a0958e66f527\" data-id=\"6a0958e66f527\" data-height=\"0\" data-height-mobile=\"20\" data-height-tab=\"0\" data-height-tab-portrait=\"\" data-height-mobile-landscape=\"\" style=\"clear:both;display:block;\"><\/div>[\/vc_column][vc_column width=\u00bb1\/4&#8243;][vc_single_image image=\u00bb19203&#8243; img_size=\u00bb200&#215;231&#8243; alignment=\u00bbcenter\u00bb style=\u00bbvc_box_rounded\u00bb onclick=\u00bbcustom_link\u00bb link=\u00bbhttps:\/\/arkreaarquitectura.com\/index.php\/comunidades-administracion-fincas\/accesibilidad-2\/\u00bb]<div class=\"ult-spacer spacer-6a0958e66f52f\" data-id=\"6a0958e66f52f\" data-height=\"20\" data-height-mobile=\"20\" data-height-tab=\"20\" data-height-tab-portrait=\"\" data-height-mobile-landscape=\"\" style=\"clear:both;display:block;\"><\/div><div class=\"dfd-heading-shortcode\"><div class=\"dfd-heading-module-wrap  text-center style_01 dfd-heading-6a0958e66f556 dfd-enable-resposive-headings\" id=\"dfd-heading-6a0958e66f556\" ><div class=\"inline-block\"><div class=\"dfd-heading-module\"><h5 class=\"widget-title dfd-title \" style=\"font-family:Quicksand; font-weight:300; font-style:normal; font-size: 25px; color: #5b5b5b !important; line-height: 30px; \">ACCESIBILIDAD<\/h5><\/div><\/div><\/div><script type=\"text\/javascript\">\n\t\t\t\t\t\t\t\t\t(function($) {\n\t\t\t\t\t\t\t\t\t\t$(\"head\").append(\"<style>.dfd-heading-6a0958e66f556.dfd-heading-module-wrap .dfd-heading-module .dfd-heading-delimiter {margin-top:10px;margin-bottom:10px;}<\/style>\");\n\t\t\t\t\t\t\t\t\t})(jQuery);\n\t\t\t\t\t\t\t\t<\/script><\/div><div class=\"ult-spacer spacer-6a0958e66f5af\" data-id=\"6a0958e66f5af\" data-height=\"0\" data-height-mobile=\"20\" data-height-tab=\"0\" data-height-tab-portrait=\"\" data-height-mobile-landscape=\"\" style=\"clear:both;display:block;\"><\/div>[\/vc_column][vc_column width=\u00bb1\/4&#8243;][\/vc_column][\/vc_row]<\/p>\n<\/section>","protected":false},"excerpt":{"rendered":"<p>[vc_row force_equal_height_columns=\u00bbno\u00bb][vc_column][\/vc_column][\/vc_row][vc_row force_equal_height_columns=\u00bbno\u00bb disable_element=\u00bbyes\u00bb][vc_column width=\u00bb1\/6&#8243;][\/vc_column][vc_column width=\u00bb2\/3&#8243;][\/vc_column][vc_column width=\u00bb1\/6&#8243;][\/vc_column][\/vc_row][vc_row disable_element=\u00bbyes\u00bb][vc_column width=\u00bb1\/3&#8243;][vc_single_image image=\u00bb18603&#8243; img_size=\u00bb200&#215;231&#8243; alignment=\u00bbcenter\u00bb style=\u00bbvc_box_rounded\u00bb onclick=\u00bbcustom_link\u00bb link=\u00bbhttp:\/\/www.aranaarquitectos.es\/index.php\/comunidades-administracion-fincas\/gestion-ayudas-subvenciones\/\u00bb][\/vc_column][vc_column width=\u00bb1\/3&#8243;][vc_single_image image=\u00bb18604&#8243; img_size=\u00bb200&#215;231&#8243; alignment=\u00bbcenter\u00bb style=\u00bbvc_box_rounded\u00bb onclick=\u00bbcustom_link\u00bb link=\u00bbhttp:\/\/www.aranaarquitectos.es\/index.php\/comunidades-administracion-fincas\/inspeccion-tecnica-edificios-ite\/\u00bb][\/vc_column][vc_column width=\u00bb1\/3&#8243;][vc_single_image image=\u00bb18605&#8243; img_size=\u00bb200&#215;231&#8243; alignment=\u00bbcenter\u00bb style=\u00bbvc_box_rounded\u00bb onclick=\u00bbcustom_link\u00bb link=\u00bbhttp:\/\/www.aranaarquitectos.es\/index.php\/comunidades-administracion-fincas\/reformas-y-rehabilitacion\/\u00bb][\/vc_column][\/vc_row][vc_row disable_element=\u00bbyes\u00bb][vc_column<\/p>\n","protected":false},"author":1,"featured_media":0,"parent":0,"menu_order":0,"comment_status":"open","ping_status":"closed","template":"page-custom-with-header.php","meta":{"_mi_skip_tracking":false,"_monsterinsights_sitenote_active":false,"_monsterinsights_sitenote_note":"","_monsterinsights_sitenote_category":0,"footnotes":""},"acf":[],"yoast_head":"<!-- This site is optimized with the Yoast SEO plugin v21.1 - https:\/\/yoast.com\/wordpress\/plugins\/seo\/ -->\n<title>Gesti\u00f3n de ayudas y subvenciones - Akrea Servicios de Arquitectura<\/title>\n<meta name=\"robots\" content=\"index, follow, max-snippet:-1, max-image-preview:large, max-video-preview:-1\" \/>\n<link rel=\"canonical\" href=\"https:\/\/arkreaarquitectura.com\/index.php\/gestion-de-ayudas-y-subvenciones\/\" \/>\n<meta property=\"og:locale\" content=\"es_ES\" \/>\n<meta property=\"og:type\" content=\"article\" \/>\n<meta property=\"og:title\" content=\"Gesti\u00f3n de ayudas y subvenciones - Akrea Servicios de Arquitectura\" \/>\n<meta property=\"og:description\" content=\"[vc_row force_equal_height_columns=\u00bbno\u00bb][vc_column][\/vc_column][\/vc_row][vc_row force_equal_height_columns=\u00bbno\u00bb disable_element=\u00bbyes\u00bb][vc_column width=\u00bb1\/6&#8243;][\/vc_column][vc_column width=\u00bb2\/3&#8243;][\/vc_column][vc_column width=\u00bb1\/6&#8243;][\/vc_column][\/vc_row][vc_row disable_element=\u00bbyes\u00bb][vc_column width=\u00bb1\/3&#8243;][vc_single_image image=\u00bb18603&#8243; img_size=\u00bb200&#215;231&#8243; alignment=\u00bbcenter\u00bb style=\u00bbvc_box_rounded\u00bb onclick=\u00bbcustom_link\u00bb link=\u00bbhttp:\/\/www.aranaarquitectos.es\/index.php\/comunidades-administracion-fincas\/gestion-ayudas-subvenciones\/\u00bb][\/vc_column][vc_column width=\u00bb1\/3&#8243;][vc_single_image image=\u00bb18604&#8243; img_size=\u00bb200&#215;231&#8243; alignment=\u00bbcenter\u00bb style=\u00bbvc_box_rounded\u00bb onclick=\u00bbcustom_link\u00bb link=\u00bbhttp:\/\/www.aranaarquitectos.es\/index.php\/comunidades-administracion-fincas\/inspeccion-tecnica-edificios-ite\/\u00bb][\/vc_column][vc_column width=\u00bb1\/3&#8243;][vc_single_image image=\u00bb18605&#8243; img_size=\u00bb200&#215;231&#8243; alignment=\u00bbcenter\u00bb style=\u00bbvc_box_rounded\u00bb onclick=\u00bbcustom_link\u00bb link=\u00bbhttp:\/\/www.aranaarquitectos.es\/index.php\/comunidades-administracion-fincas\/reformas-y-rehabilitacion\/\u00bb][\/vc_column][\/vc_row][vc_row disable_element=\u00bbyes\u00bb][vc_column\" \/>\n<meta property=\"og:url\" content=\"https:\/\/arkreaarquitectura.com\/index.php\/gestion-de-ayudas-y-subvenciones\/\" \/>\n<meta property=\"og:site_name\" content=\"Akrea Servicios de Arquitectura\" \/>\n<meta property=\"article:modified_time\" content=\"2023-09-29T10:33:29+00:00\" \/>\n<meta name=\"twitter:card\" content=\"summary_large_image\" \/>\n<meta name=\"twitter:label1\" content=\"Tiempo de lectura\" \/>\n\t<meta name=\"twitter:data1\" content=\"2 minutos\" \/>\n<script type=\"application\/ld+json\" class=\"yoast-schema-graph\">{\"@context\":\"https:\/\/schema.org\",\"@graph\":[{\"@type\":\"WebPage\",\"@id\":\"https:\/\/arkreaarquitectura.com\/index.php\/gestion-de-ayudas-y-subvenciones\/\",\"url\":\"https:\/\/arkreaarquitectura.com\/index.php\/gestion-de-ayudas-y-subvenciones\/\",\"name\":\"Gesti\u00f3n de ayudas y subvenciones - Akrea Servicios de Arquitectura\",\"isPartOf\":{\"@id\":\"https:\/\/arkreaarquitectura.com\/#website\"},\"datePublished\":\"2017-07-05T10:20:29+00:00\",\"dateModified\":\"2023-09-29T10:33:29+00:00\",\"breadcrumb\":{\"@id\":\"https:\/\/arkreaarquitectura.com\/index.php\/gestion-de-ayudas-y-subvenciones\/#breadcrumb\"},\"inLanguage\":\"es\",\"potentialAction\":[{\"@type\":\"ReadAction\",\"target\":[\"https:\/\/arkreaarquitectura.com\/index.php\/gestion-de-ayudas-y-subvenciones\/\"]}]},{\"@type\":\"BreadcrumbList\",\"@id\":\"https:\/\/arkreaarquitectura.com\/index.php\/gestion-de-ayudas-y-subvenciones\/#breadcrumb\",\"itemListElement\":[{\"@type\":\"ListItem\",\"position\":1,\"name\":\"Portada\",\"item\":\"https:\/\/arkreaarquitectura.com\/\"},{\"@type\":\"ListItem\",\"position\":2,\"name\":\"Gesti\u00f3n de ayudas y subvenciones\"}]},{\"@type\":\"WebSite\",\"@id\":\"https:\/\/arkreaarquitectura.com\/#website\",\"url\":\"https:\/\/arkreaarquitectura.com\/\",\"name\":\"Akrea Servicios de Arquitectura\",\"description\":\"Arquitectos\",\"potentialAction\":[{\"@type\":\"SearchAction\",\"target\":{\"@type\":\"EntryPoint\",\"urlTemplate\":\"https:\/\/arkreaarquitectura.com\/?s={search_term_string}\"},\"query-input\":\"required name=search_term_string\"}],\"inLanguage\":\"es\"}]}<\/script>\n<!-- \/ Yoast SEO plugin. -->","yoast_head_json":{"title":"Gesti\u00f3n de ayudas y subvenciones - Akrea Servicios de Arquitectura","robots":{"index":"index","follow":"follow","max-snippet":"max-snippet:-1","max-image-preview":"max-image-preview:large","max-video-preview":"max-video-preview:-1"},"canonical":"https:\/\/arkreaarquitectura.com\/index.php\/gestion-de-ayudas-y-subvenciones\/","og_locale":"es_ES","og_type":"article","og_title":"Gesti\u00f3n de ayudas y subvenciones - Akrea Servicios de Arquitectura","og_description":"[vc_row force_equal_height_columns=\u00bbno\u00bb][vc_column][\/vc_column][\/vc_row][vc_row force_equal_height_columns=\u00bbno\u00bb disable_element=\u00bbyes\u00bb][vc_column width=\u00bb1\/6&#8243;][\/vc_column][vc_column width=\u00bb2\/3&#8243;][\/vc_column][vc_column width=\u00bb1\/6&#8243;][\/vc_column][\/vc_row][vc_row disable_element=\u00bbyes\u00bb][vc_column width=\u00bb1\/3&#8243;][vc_single_image image=\u00bb18603&#8243; img_size=\u00bb200&#215;231&#8243; alignment=\u00bbcenter\u00bb style=\u00bbvc_box_rounded\u00bb onclick=\u00bbcustom_link\u00bb link=\u00bbhttp:\/\/www.aranaarquitectos.es\/index.php\/comunidades-administracion-fincas\/gestion-ayudas-subvenciones\/\u00bb][\/vc_column][vc_column width=\u00bb1\/3&#8243;][vc_single_image image=\u00bb18604&#8243; img_size=\u00bb200&#215;231&#8243; alignment=\u00bbcenter\u00bb style=\u00bbvc_box_rounded\u00bb onclick=\u00bbcustom_link\u00bb link=\u00bbhttp:\/\/www.aranaarquitectos.es\/index.php\/comunidades-administracion-fincas\/inspeccion-tecnica-edificios-ite\/\u00bb][\/vc_column][vc_column width=\u00bb1\/3&#8243;][vc_single_image image=\u00bb18605&#8243; img_size=\u00bb200&#215;231&#8243; alignment=\u00bbcenter\u00bb style=\u00bbvc_box_rounded\u00bb onclick=\u00bbcustom_link\u00bb link=\u00bbhttp:\/\/www.aranaarquitectos.es\/index.php\/comunidades-administracion-fincas\/reformas-y-rehabilitacion\/\u00bb][\/vc_column][\/vc_row][vc_row disable_element=\u00bbyes\u00bb][vc_column","og_url":"https:\/\/arkreaarquitectura.com\/index.php\/gestion-de-ayudas-y-subvenciones\/","og_site_name":"Akrea Servicios de Arquitectura","article_modified_time":"2023-09-29T10:33:29+00:00","twitter_card":"summary_large_image","twitter_misc":{"Tiempo de lectura":"2 minutos"},"schema":{"@context":"https:\/\/schema.org","@graph":[{"@type":"WebPage","@id":"https:\/\/arkreaarquitectura.com\/index.php\/gestion-de-ayudas-y-subvenciones\/","url":"https:\/\/arkreaarquitectura.com\/index.php\/gestion-de-ayudas-y-subvenciones\/","name":"Gesti\u00f3n de ayudas y subvenciones - Akrea Servicios de Arquitectura","isPartOf":{"@id":"https:\/\/arkreaarquitectura.com\/#website"},"datePublished":"2017-07-05T10:20:29+00:00","dateModified":"2023-09-29T10:33:29+00:00","breadcrumb":{"@id":"https:\/\/arkreaarquitectura.com\/index.php\/gestion-de-ayudas-y-subvenciones\/#breadcrumb"},"inLanguage":"es","potentialAction":[{"@type":"ReadAction","target":["https:\/\/arkreaarquitectura.com\/index.php\/gestion-de-ayudas-y-subvenciones\/"]}]},{"@type":"BreadcrumbList","@id":"https:\/\/arkreaarquitectura.com\/index.php\/gestion-de-ayudas-y-subvenciones\/#breadcrumb","itemListElement":[{"@type":"ListItem","position":1,"name":"Portada","item":"https:\/\/arkreaarquitectura.com\/"},{"@type":"ListItem","position":2,"name":"Gesti\u00f3n de ayudas y subvenciones"}]},{"@type":"WebSite","@id":"https:\/\/arkreaarquitectura.com\/#website","url":"https:\/\/arkreaarquitectura.com\/","name":"Akrea Servicios de Arquitectura","description":"Arquitectos","potentialAction":[{"@type":"SearchAction","target":{"@type":"EntryPoint","urlTemplate":"https:\/\/arkreaarquitectura.com\/?s={search_term_string}"},"query-input":"required name=search_term_string"}],"inLanguage":"es"}]}},"_links":{"self":[{"href":"https:\/\/arkreaarquitectura.com\/index.php\/wp-json\/wp\/v2\/pages\/18185"}],"collection":[{"href":"https:\/\/arkreaarquitectura.com\/index.php\/wp-json\/wp\/v2\/pages"}],"about":[{"href":"https:\/\/arkreaarquitectura.com\/index.php\/wp-json\/wp\/v2\/types\/page"}],"author":[{"embeddable":true,"href":"https:\/\/arkreaarquitectura.com\/index.php\/wp-json\/wp\/v2\/users\/1"}],"replies":[{"embeddable":true,"href":"https:\/\/arkreaarquitectura.com\/index.php\/wp-json\/wp\/v2\/comments?post=18185"}],"version-history":[{"count":23,"href":"https:\/\/arkreaarquitectura.com\/index.php\/wp-json\/wp\/v2\/pages\/18185\/revisions"}],"predecessor-version":[{"id":19244,"href":"https:\/\/arkreaarquitectura.com\/index.php\/wp-json\/wp\/v2\/pages\/18185\/revisions\/19244"}],"wp:attachment":[{"href":"https:\/\/arkreaarquitectura.com\/index.php\/wp-json\/wp\/v2\/media?parent=18185"}],"curies":[{"name":"wp","href":"https:\/\/api.w.org\/{rel}","templated":true}]}}