{"id":19459,"date":"2023-10-06T10:00:13","date_gmt":"2023-10-06T08:00:13","guid":{"rendered":"https:\/\/arkreaarquitectura.com\/?page_id=19459"},"modified":"2023-10-06T13:45:02","modified_gmt":"2023-10-06T11:45:02","slug":"aviso-legal","status":"publish","type":"page","link":"https:\/\/arkreaarquitectura.com\/index.php\/aviso-legal\/","title":{"rendered":"Aviso Legal"},"content":{"rendered":"<section class=\"wpb-content-wrapper\"><p>[vc_row dfd_row_config=\u00bbdefault_row_small_paddings\u00bb][vc_column]<div class=\"dfd-spacer-module\"  data-units=\"px\" data-wide_resolution=\"1280\" data-wide_size=\"50\" data-normal_resolution=\"1024\" data-normal_size=\"50\" data-tablet_resolution=\"800\" data-tablet_size=\"50\" data-mobile_resolution=\"480\" data-mobile_size=\"30\" style=\"height: 50px;\"><\/div>[vc_column_text]<\/p>\r\n<p>El prestador, responsable del sitio web, identificado en el la tabla adjunta \u201cinformaci\u00f3n general\u201d pone a disposici\u00f3n de los usuarios el presente documento con el que pretende dar cumplimiento a las obligaciones dispuestas en la\u00a0<span style=\"color: #003fa2;\"><a style=\"color: #003fa2;\" href=\"https:\/\/go.vlex.com\/vid\/172670?fbt=webapp_preview\" target=\"_blank\" rel=\"noopener\">Ley 34\/2002<\/a><\/span>, de Servicios de la Sociedad de la Informaci\u00f3n y del Comercio Electr\u00f3nico (<span style=\"color: #003fa2;\"><a style=\"color: #003fa2;\" href=\"https:\/\/go.vlex.com\/vid\/172670?fbt=webapp_preview\" target=\"_blank\" rel=\"noopener\">LSSI<\/a><\/span>-CE), as\u00ed como informar a todos los usuarios del sitio web respecto a cu\u00e1les son las condiciones de uso del sitio web. Toda persona que acceda a este sitio web asume el papel de usuario, comprometi\u00e9ndose a la observancia y cumplimiento riguroso de las disposiciones aqu\u00ed dispuestas, as\u00ed como a cualesquiera otra disposici\u00f3n legal que fuera de aplicaci\u00f3n. El prestador se reserva el derecho a modificar cualquier tipo de informaci\u00f3n que pudiera aparecer en el sitio web, sin que exista obligaci\u00f3n de preavisar o poner en conocimiento de los usuarios dichas obligaciones, entendi\u00e9ndose como suficiente con la publicaci\u00f3n en el sitio web del prestador. Le rogamos que lea atentamente el Aviso Legal, as\u00ed como la Pol\u00edtica de Privacidad, las Condiciones Generales y la Pol\u00edtica de Cookies antes de usar la P\u00e1gina Web.<\/p>\r\n<h3 class=\"wp-block-heading\"><strong>1. INFORMACI\u00d3N GENERAL<\/strong><\/h3>\r\n<table width=\"595\">\r\n<tbody>\r\n<tr>\r\n<td colspan=\"3\" width=\"595\">TITULAR DE LA P\u00c1GINA WEB \u00a0<span style=\"color: #003fa2;\"><a style=\"color: #003fa2;\" href=\"https:\/\/arkreaarquitectura.com\/\">www.arkreaarquitectura.com<\/a><\/span><\/td>\r\n<\/tr>\r\n<tr>\r\n<td width=\"132\">RESPONSABLE<\/td>\r\n<td width=\"274\">Datos Contacto<\/td>\r\n<td width=\"189\">Dominio \u2013 P\u00e1gina Web<\/td>\r\n<\/tr>\r\n<tr>\r\n<td width=\"132\">Arkrea Servicios de Arquitectura S. L. P. (en adelante ARKREA)<\/td>\r\n<td width=\"274\">\r\n<p>CIF: B02745131<\/p>\r\n<p>Domicilio social: Gran V\u00eda 63 bis, 2\u00ba \u00b7 Dpto. 14<br \/>48011 \u00b7 Bilbao \u00b7 Bizkaia<\/p>\r\n<p>Correo electr\u00f3nico: estudio@arkreaarquitectura.com<\/p>\r\n<p>Tel\u00e9fono: +34 944 41 60 36<\/p>\r\n<p><span style=\"color: #ff0000;\">Datos de inscripci\u00f3n en el Registro Mercantil de Bizkaia, Tomo 0000, Secci\u00f3n 0\u00aa, Folio 000, Hoja Bi-00000<\/span><\/p>\r\n<\/td>\r\n<td width=\"189\">https:\/\/www.arkreaarquitectura.com<\/td>\r\n<\/tr>\r\n<\/tbody>\r\n<\/table>\r\n<h3><strong><br \/>2. ESTABLECIMIENTO DE ENLACES CON LA P\u00c1GINA WEB<\/strong><\/h3>\r\n<p>Queda prohibido el establecimiento de enlaces de hipertexto (en adelante, \u201clink\u201d) con destino a la P\u00e1gina Web, a menos que los mismos hayan sido previamente autorizados por ARKREA. En cualquier caso, una vez autorizado un link por ARKREA, el mismo deber\u00e1 establecerse en los t\u00e9rminos indicados a tal efecto por ARKREA. En cualquier caso, se informa a los Usuarios de que la inclusi\u00f3n de links a la P\u00e1gina Web por parte de otros sitios webs y\/o aplicaciones no implica que ARKREA mantenga v\u00ednculos o asociaci\u00f3n de ninguna clase con el titular de la web y\/o aplicaci\u00f3n web en la que se establezca el link, ni que ARKREA promocione, avale, garantice o recomiende los contenidos de dichas webs y\/o aplicaciones.<\/p>\r\n<h3><strong>3. SITIOS WEBS ENLAZADOS<\/strong><\/h3>\r\n<p>Por su parte, esta P\u00e1gina Web puede incluir links hacia otras aplicaciones y\/o sitios web propias o de terceros, incluso integrados en la P\u00e1gina web. Cada Usuario reconoce que ARKREA no tiene ninguna responsabilidad sobre el contenido, productos o servicios disponibles o accesibles a partir de esas aplicaciones y\/o sitios web cuando \u00e9stas no sean propias de ARKREA.<\/p>\r\n<h3><strong>4. PROPIEDAD INTELECTUAL E INDUSTRIA<\/strong><\/h3>\r\n<p>Todos los derechos de autor, as\u00ed como cualquier marca, signo distintivo y el resto de derechos de propiedad intelectual e industrial referentes al material o contenido publicadas en la P\u00e1gina Web y\/o necesarias para el correcto funcionamiento y gesti\u00f3n de la misma, son propiedad de ARKREA o se le han cedido bajo licencia mediante los derechos de autor(es) para su uso. No obstante, y en cumplimiento de lo dispuesto en el art. 11 y 16 de la LSSICE, el prestador se pone a disposici\u00f3n de todos los usuarios, autoridades y fuerzas de seguridad, y colaborando de forma activa en la retirada o en su caso bloqueo de todos aquellos contenidos que pudieran afectar o contravenir la legislaci\u00f3n nacional, o internacional, derechos de terceros o la moral y el orden p\u00fablico. En caso de que el usuario considere que existe en el sitio web alg\u00fan contenido que pudiera ser susceptible de esta clasificaci\u00f3n, se ruega lo notifique de forma inmediata al administrador del sitio web. Para realizar cualquier tipo de observaci\u00f3n respecto a posibles incumplimientos de los derechos de propiedad intelectual o industrial, as\u00ed como sobre cualquiera de los contenidos del sitio web, puede hacerlo a trav\u00e9s del siguiente correo electr\u00f3nico: estudio@arkreaarquitectura.com<\/p>\r\n<h3><strong>5. PROTECCI\u00d3N DE DATOS<\/strong><\/h3>\r\n<p>En el caso de tratamientos de datos personales de los Usuarios los mismos son tratados por ARKREA de acuerdo con su <span style=\"color: #003fa2;\"><a style=\"color: #003fa2;\" href=\"https:\/\/arkreaarquitectura.com\/index.php\/politica-de-privacidad\/\">Pol\u00edtica de Privacidad<\/a><\/span> y <span style=\"color: #003fa2;\"><a style=\"color: #003fa2;\" href=\"https:\/\/arkreaarquitectura.com\/index.php\/politica-de-cookies\/\">Pol\u00edtica de Cookies<\/a><\/span>.<\/p>\r\n<h3><strong>6. MODIFICACI\u00d3N DEL AVISO LEGAL<\/strong><\/h3>\r\n<p>ARKREA se reserva el derecho a llevar a cabo modificaciones y\/o actualizaciones en el presente Aviso Legal, as\u00ed como en la presentaci\u00f3n y\/o configuraci\u00f3n de la P\u00e1gina Web, de las que se informar\u00e1 previamente al Usuario para su aceptaci\u00f3n o rechazo en caso de resultar necesario. En cualquier caso, se considerar\u00e1 que el Usuario acepta expresamente dichas modificaciones o actualizaciones si realiza un nuevo acceso, navegaci\u00f3n o uso de la P\u00e1gina Web.<\/p>\r\n<h3><strong>7. NOTIFICACIONES<\/strong><\/h3>\r\n<p>ARKREA podr\u00e1 realizar las notificaciones oportunas relacionadas con la P\u00e1gina web y el presente Aviso Legal a trav\u00e9s de la propia P\u00e1gina Web, as\u00ed como a trav\u00e9s de la direcci\u00f3n de correo electr\u00f3nico facilitada por el Usuario a trav\u00e9s de los distintos formularios habilitados en la P\u00e1gina Web El Usuario, a su vez podr\u00e1 realizar cualquier notificaci\u00f3n a ARKREA a trav\u00e9s del correo electr\u00f3nico estudio@arkreaarquitectura.com<\/p>\r\n<h3><strong>8. LEY APLICABLE Y JURISDICCI\u00d3N<\/strong><\/h3>\r\n<p>Para la resoluci\u00f3n de todas las controversias o cuestiones relacionadas con el presente sitio web o de las actividades en \u00e9l desarrolladas, ser\u00e1 de aplicaci\u00f3n la legislaci\u00f3n espa\u00f1ola, a la que se someten expresamente las partes, siendo competentes para la resoluci\u00f3n de todos los conflictos derivados o relacionados con su uso los Juzgados y Tribunales de Bilbao, salvo que exista un fuero legal obligatorio.<\/p>\r\n<p>[\/vc_column_text]<div class=\"dfd-spacer-module\"  data-units=\"px\" data-wide_resolution=\"1280\" data-wide_size=\"40\" data-normal_resolution=\"1024\" data-normal_size=\"40\" data-tablet_resolution=\"800\" data-tablet_size=\"40\" data-mobile_resolution=\"480\" data-mobile_size=\"40\" style=\"height: 40px;\"><\/div>[\/vc_column][vc_column][\/vc_column][\/vc_row]<\/p><\/section>","protected":false},"excerpt":{"rendered":"<p>[vc_row dfd_row_config=\u00bbdefault_row_small_paddings\u00bb][vc_column][vc_column_text] El prestador, responsable del sitio web, identificado en el la tabla adjunta \u201cinformaci\u00f3n general\u201d pone a disposici\u00f3n de los usuarios el presente documento con el que pretende dar<\/p>\n","protected":false},"author":1,"featured_media":0,"parent":0,"menu_order":0,"comment_status":"closed","ping_status":"closed","template":"page-custom-with-header.php","meta":{"_mi_skip_tracking":false,"_monsterinsights_sitenote_active":false,"_monsterinsights_sitenote_note":"","_monsterinsights_sitenote_category":0,"footnotes":""},"acf":[],"yoast_head":"<!-- This site is optimized with the Yoast SEO plugin v21.1 - https:\/\/yoast.com\/wordpress\/plugins\/seo\/ -->\n<title>Aviso Legal - Akrea Servicios de Arquitectura<\/title>\n<meta name=\"robots\" content=\"index, follow, max-snippet:-1, max-image-preview:large, max-video-preview:-1\" \/>\n<link rel=\"canonical\" href=\"https:\/\/arkreaarquitectura.com\/index.php\/aviso-legal\/\" \/>\n<meta property=\"og:locale\" content=\"es_ES\" \/>\n<meta property=\"og:type\" content=\"article\" \/>\n<meta property=\"og:title\" content=\"Aviso Legal - Akrea Servicios de Arquitectura\" \/>\n<meta property=\"og:description\" content=\"[vc_row dfd_row_config=\u00bbdefault_row_small_paddings\u00bb][vc_column][vc_column_text] El prestador, responsable del sitio web, identificado en el la tabla adjunta \u201cinformaci\u00f3n general\u201d pone a disposici\u00f3n de los usuarios el presente documento con el que pretende dar\" \/>\n<meta property=\"og:url\" content=\"https:\/\/arkreaarquitectura.com\/index.php\/aviso-legal\/\" \/>\n<meta property=\"og:site_name\" content=\"Akrea Servicios de Arquitectura\" \/>\n<meta property=\"article:modified_time\" content=\"2023-10-06T11:45:02+00:00\" \/>\n<meta name=\"twitter:card\" content=\"summary_large_image\" \/>\n<meta name=\"twitter:label1\" content=\"Tiempo de lectura\" \/>\n\t<meta name=\"twitter:data1\" content=\"5 minutos\" \/>\n<script type=\"application\/ld+json\" class=\"yoast-schema-graph\">{\"@context\":\"https:\/\/schema.org\",\"@graph\":[{\"@type\":\"WebPage\",\"@id\":\"https:\/\/arkreaarquitectura.com\/index.php\/aviso-legal\/\",\"url\":\"https:\/\/arkreaarquitectura.com\/index.php\/aviso-legal\/\",\"name\":\"Aviso Legal - Akrea Servicios de Arquitectura\",\"isPartOf\":{\"@id\":\"https:\/\/arkreaarquitectura.com\/#website\"},\"datePublished\":\"2023-10-06T08:00:13+00:00\",\"dateModified\":\"2023-10-06T11:45:02+00:00\",\"breadcrumb\":{\"@id\":\"https:\/\/arkreaarquitectura.com\/index.php\/aviso-legal\/#breadcrumb\"},\"inLanguage\":\"es\",\"potentialAction\":[{\"@type\":\"ReadAction\",\"target\":[\"https:\/\/arkreaarquitectura.com\/index.php\/aviso-legal\/\"]}]},{\"@type\":\"BreadcrumbList\",\"@id\":\"https:\/\/arkreaarquitectura.com\/index.php\/aviso-legal\/#breadcrumb\",\"itemListElement\":[{\"@type\":\"ListItem\",\"position\":1,\"name\":\"Portada\",\"item\":\"https:\/\/arkreaarquitectura.com\/\"},{\"@type\":\"ListItem\",\"position\":2,\"name\":\"Aviso Legal\"}]},{\"@type\":\"WebSite\",\"@id\":\"https:\/\/arkreaarquitectura.com\/#website\",\"url\":\"https:\/\/arkreaarquitectura.com\/\",\"name\":\"Akrea Servicios de Arquitectura\",\"description\":\"Arquitectos\",\"potentialAction\":[{\"@type\":\"SearchAction\",\"target\":{\"@type\":\"EntryPoint\",\"urlTemplate\":\"https:\/\/arkreaarquitectura.com\/?s={search_term_string}\"},\"query-input\":\"required name=search_term_string\"}],\"inLanguage\":\"es\"}]}<\/script>\n<!-- \/ Yoast SEO plugin. -->","yoast_head_json":{"title":"Aviso Legal - Akrea Servicios de Arquitectura","robots":{"index":"index","follow":"follow","max-snippet":"max-snippet:-1","max-image-preview":"max-image-preview:large","max-video-preview":"max-video-preview:-1"},"canonical":"https:\/\/arkreaarquitectura.com\/index.php\/aviso-legal\/","og_locale":"es_ES","og_type":"article","og_title":"Aviso Legal - Akrea Servicios de Arquitectura","og_description":"[vc_row dfd_row_config=\u00bbdefault_row_small_paddings\u00bb][vc_column][vc_column_text] El prestador, responsable del sitio web, identificado en el la tabla adjunta \u201cinformaci\u00f3n general\u201d pone a disposici\u00f3n de los usuarios el presente documento con el que pretende dar","og_url":"https:\/\/arkreaarquitectura.com\/index.php\/aviso-legal\/","og_site_name":"Akrea Servicios de Arquitectura","article_modified_time":"2023-10-06T11:45:02+00:00","twitter_card":"summary_large_image","twitter_misc":{"Tiempo de lectura":"5 minutos"},"schema":{"@context":"https:\/\/schema.org","@graph":[{"@type":"WebPage","@id":"https:\/\/arkreaarquitectura.com\/index.php\/aviso-legal\/","url":"https:\/\/arkreaarquitectura.com\/index.php\/aviso-legal\/","name":"Aviso Legal - Akrea Servicios de Arquitectura","isPartOf":{"@id":"https:\/\/arkreaarquitectura.com\/#website"},"datePublished":"2023-10-06T08:00:13+00:00","dateModified":"2023-10-06T11:45:02+00:00","breadcrumb":{"@id":"https:\/\/arkreaarquitectura.com\/index.php\/aviso-legal\/#breadcrumb"},"inLanguage":"es","potentialAction":[{"@type":"ReadAction","target":["https:\/\/arkreaarquitectura.com\/index.php\/aviso-legal\/"]}]},{"@type":"BreadcrumbList","@id":"https:\/\/arkreaarquitectura.com\/index.php\/aviso-legal\/#breadcrumb","itemListElement":[{"@type":"ListItem","position":1,"name":"Portada","item":"https:\/\/arkreaarquitectura.com\/"},{"@type":"ListItem","position":2,"name":"Aviso Legal"}]},{"@type":"WebSite","@id":"https:\/\/arkreaarquitectura.com\/#website","url":"https:\/\/arkreaarquitectura.com\/","name":"Akrea Servicios de Arquitectura","description":"Arquitectos","potentialAction":[{"@type":"SearchAction","target":{"@type":"EntryPoint","urlTemplate":"https:\/\/arkreaarquitectura.com\/?s={search_term_string}"},"query-input":"required name=search_term_string"}],"inLanguage":"es"}]}},"_links":{"self":[{"href":"https:\/\/arkreaarquitectura.com\/index.php\/wp-json\/wp\/v2\/pages\/19459"}],"collection":[{"href":"https:\/\/arkreaarquitectura.com\/index.php\/wp-json\/wp\/v2\/pages"}],"about":[{"href":"https:\/\/arkreaarquitectura.com\/index.php\/wp-json\/wp\/v2\/types\/page"}],"author":[{"embeddable":true,"href":"https:\/\/arkreaarquitectura.com\/index.php\/wp-json\/wp\/v2\/users\/1"}],"replies":[{"embeddable":true,"href":"https:\/\/arkreaarquitectura.com\/index.php\/wp-json\/wp\/v2\/comments?post=19459"}],"version-history":[{"count":27,"href":"https:\/\/arkreaarquitectura.com\/index.php\/wp-json\/wp\/v2\/pages\/19459\/revisions"}],"predecessor-version":[{"id":19525,"href":"https:\/\/arkreaarquitectura.com\/index.php\/wp-json\/wp\/v2\/pages\/19459\/revisions\/19525"}],"wp:attachment":[{"href":"https:\/\/arkreaarquitectura.com\/index.php\/wp-json\/wp\/v2\/media?parent=19459"}],"curies":[{"name":"wp","href":"https:\/\/api.w.org\/{rel}","templated":true}]}}