{"id":19485,"date":"2023-10-06T10:23:15","date_gmt":"2023-10-06T08:23:15","guid":{"rendered":"https:\/\/arkreaarquitectura.com\/?page_id=19485"},"modified":"2023-10-06T13:47:45","modified_gmt":"2023-10-06T11:47:45","slug":"politica-de-privacidad","status":"publish","type":"page","link":"https:\/\/arkreaarquitectura.com\/index.php\/politica-de-privacidad\/","title":{"rendered":"Pol\u00edtica de Privacidad"},"content":{"rendered":"<section class=\"wpb-content-wrapper\"><p>[vc_row dfd_row_config=\u00bbdefault_row_small_paddings\u00bb][vc_column]<div class=\"dfd-spacer-module\"  data-units=\"px\" data-wide_resolution=\"1280\" data-wide_size=\"50\" data-normal_resolution=\"1024\" data-normal_size=\"50\" data-tablet_resolution=\"800\" data-tablet_size=\"50\" data-mobile_resolution=\"480\" data-mobile_size=\"60\" style=\"height: 50px;\"><\/div>[vc_column_text]<\/p>\r\n<h3 class=\"wp-block-heading\"><strong>1.INTRODUCCI\u00d3N<\/strong><\/h3>\r\n<p>Esta pol\u00edtica de protecci\u00f3n de datos de car\u00e1cter personal (la \u201c<strong>Pol\u00edtica de Privacidad<\/strong>\u201d) informa a los usuarios de la p\u00e1gina web www.arkreaarquitectura.com (la \u201c<strong>Web<\/strong>\u201d) y a los clientes de Arkrea Servicios de Arquitectura, sobre el tratamiento los datos personales que son realizados por parte de Arkrea Servicios de Arquitectura S. L. P. ( en adelante \u201c<strong>ARKREA<\/strong>\u201d).<\/p>\r\n<p>La presente pol\u00edtica de privacidad junto con el \u00a0Aviso Legal y Condiciones Generales de Uso de la Web, son las pol\u00edticas \u00a0que regulan el uso de la Web y los servicios prestados por ARKREA.<\/p>\r\n<h3><strong>2. RESPONSABLE DEL TRATAMIENTO<\/strong><\/h3>\r\n<p>Arkrea Servicios de Arquitectura S. L. P., con domicilio social en Gran V\u00eda 63 bis, 2\u00ba \u00b7 Dpto. 14, 48011 \u00b7 Bilbao \u00b7 Bizkaia y con CIF. B02745131 es el responsable del tratamiento de los datos personales que se recojan a trav\u00e9s de la Web o que se generen por su uso tanto de la web como de los servicios prestados por ARKREA. Puede contactar con ARKREA a trav\u00e9s de cualquiera de los siguientes medios de contacto:<\/p>\r\n<ul>\r\n<li>Domicilio: Gran V\u00eda 63 bis, 2\u00ba \u00b7 Dpto. 14, 48011 \u00b7 Bilbao \u00b7 Bizkaia<\/li>\r\n<li>Direcci\u00f3n de correo electr\u00f3nico: estudio@arkreaarquitectura.com<\/li>\r\n<\/ul>\r\n<h3><strong>3. FINALIDADES Y BASES JUR\u00cdDICAS DEL TRATAMIENTO DE DATOS PERSONALES<\/strong><\/h3>\r\n<p>Los datos personales de los usuarios ser\u00e1n tratados con las siguientes finalidades y con las siguientes bases jur\u00eddicas<\/p>\r\n<p><strong><em>1. Tratamientos legitimados por la ejecuci\u00f3n del contrato suscrito entre ARKREA y Ud. O por la aplicaci\u00f3n de medidas precontractuales:<\/em><\/strong><\/p>\r\n<ul>\r\n<li>Dicho tratamiento se produce en el caso de solicitar informaci\u00f3n o contactar a trav\u00e9s del apartado correspondiente. La finalidad es la de gestionar la relaci\u00f3n comercial o precontractual con Ud. En este caso los datos personales tratados son los datos identificativos aportados en el proceso de alta o al realizar la consulta.<\/li>\r\n<li>En el caso de haberse dado de alta en la web o en algunos de los servicios. En este caso la finalidad es gestionar la relaci\u00f3n contractual con los clientes de ARKREA que hayan contratado. Los datos tratados son los aportados en el proceso de alta y son los necesarios para poder prestar el servicio<\/li>\r\n<\/ul>\r\n<p><strong><em>2. Legitimaci\u00f3n por consentimiento expreso:<\/em><\/strong><\/p>\r\n<ul>\r\n<li>En caso de que usted lo haya autorizado, con la finalidad de realizar env\u00edos publicitarios e informaci\u00f3n comercial relacionada con ARKREA, sus actividades, productos, servicios, ofertas, promociones especiales, as\u00ed como documentaci\u00f3n de diversa naturaleza por cualquier v\u00eda, incluida la electr\u00f3nica. En este caso ARKREA tratar\u00e1 los datos de contacto para dicha finalidad.<\/li>\r\n<\/ul>\r\n<p><strong><em>3. Legitimaci\u00f3n por intereses leg\u00edtimos de ARKREA: <\/em><\/strong><\/p>\r\n<ul>\r\n<li>En el caso de que contrate alg\u00fan producto o servicio a trav\u00e9s del Sitio Web, con la finalidad de realizar comunicaciones comerciales y publicitarias relacionadas con productos y servicios similares a los contratados por Ud. En este caso el inter\u00e9s leg\u00edtimo de ARKREA ser\u00eda realizar actividades de mercadotecnia dirigidas a sus clientes, de acuerdo con el considerando 47 del Reglamento General de Protecci\u00f3n de Datos.<\/li>\r\n<li>Tratamiento de datos aparejado a la mera navegaci\u00f3n por el Sitio Web. La mera navegaci\u00f3n por el Sitio Web, por lo general, no implicar\u00e1 el tratamiento de sus datos personales, m\u00e1s all\u00e1 de, en casos concretos, su direcci\u00f3n IP y datos relativos a su navegaci\u00f3n, con la finalidad de gestionar y optimizar el Sitio Web, legitimado por el inter\u00e9s leg\u00edtimo de ARKREA de preservar la seguridad e integridad del Sitio Web.<\/li>\r\n<\/ul>\r\n<h3><strong>4. CESIONES Y TRANSFERENCIAS INTERNACIONALES DE DATOS<\/strong><\/h3>\r\n<p>No est\u00e1 prevista ninguna cesi\u00f3n de sus datos personales, salvo las necesarias para poder prestarle el servicio, fundamentalmente proveedores de servicios hosting. En el caso de que se produzcan ARKREA firmar\u00e1 con dicho proveedor el contrato previsto en el articulo 28 del RGPD, garantizando la seguridad de los datos personales.<\/p>\r\n<p>En el caso de que alguno de nuestros proveedores de servicios o de sistemas inform\u00e1ticos est\u00e9n ubicados fuera del Espacio Econ\u00f3mico Europeo, ARKREA adoptar\u00e1 todas las garant\u00edas que sean aplicables conforme a la normativa aplicable para garantizar una adecuada gesti\u00f3n de los datos, as\u00ed como su integridad y confidencialidad.<\/p>\r\n<h3><strong>5. CONSERVACI\u00d3N DE LOS DATOS PERSONALES<\/strong><\/h3>\r\n<p>Los datos personales ser\u00e1n conservados durante el tiempo necesario para atender a las finalidades (p.ej., gestionar la solicitud de contacto o petici\u00f3n de informaci\u00f3n o, en el supuesto de que se genere una relaci\u00f3n contractual con el usuario, mientras dicha relaci\u00f3n contin\u00fae vigente) y, tras ello, durante el periodo de tiempo necesario para atender cualquier tipo de responsabilidad (p.ej., hasta la prescripci\u00f3n de la responsabilidad que pudiera derivar de la normativa en materia de protecci\u00f3n de datos).<\/p>\r\n<h3><strong>6. DATOS DE TERCEROS<\/strong><\/h3>\r\n<p>En el caso de que el usuario proporcione datos de terceros, este se compromete a haber obtenido su consentimiento previo e informado -salvo que resulte de aplicaci\u00f3n alguna otra causa que legitime dicha comunicaci\u00f3n-. El consentimiento ser\u00e1 considerado como informado cuando los terceros hayan sido informados por el usuario y hayan aceptado el Aviso Legal y las Condiciones Generales de Uso de la Web y esta Pol\u00edtica de Privacidad. Es responsabilidad \u00fanica del usuario cumplir con el deber de informaci\u00f3n indicado y haber obtenido los consentimientos previos de los terceros sin que ARKREA deba realizar ninguna actuaci\u00f3n adicional frente a estos.<\/p>\r\n<h3><strong>7. COOKIES<\/strong><\/h3>\r\n<p>La Web utiliza \u201ccookies\u201d (ficheros que se descargan en el ordenador\/smartphone\/tablet del usuario al acceder a determinadas p\u00e1ginas web para almacenar y recuperar informaci\u00f3n sobre la navegaci\u00f3n que se efect\u00faa desde dicho equipo). Toda la informaci\u00f3n sobre cookies que se utilizan en la Web est\u00e1 disponible en el siguiente enlace: <span style=\"color: #003fa2;\"><a style=\"color: #003fa2;\" href=\"https:\/\/arkreaarquitectura.com\/index.php\/politica-de-cookies\/\">Pol\u00edtica de Cookies<\/a><\/span>.<\/p>\r\n<h3><strong>8. DERECHOS EN MATERIA DE PROTECCI\u00d3N DE DATOS<\/strong><\/h3>\r\n<p>Los titulares de los datos personales pueden ejercitar su derecho de acceso, rectificaci\u00f3n, supresi\u00f3n, oposici\u00f3n, limitaci\u00f3n del tratamiento, portabilidad, a no ser objeto de decisiones individuales automatizadas y a retirar el consentimiento previamente otorgado remitiendo una solicitud a trav\u00e9s de un correo electr\u00f3nico a la direcci\u00f3n estudio@arkreaarquitectura.com o a trav\u00e9s de correo postal al domicilio social de ARKREA, indicado anteriormente, adjuntando una copia de su Documento de Identidad o cualquier otro documento oficial que le identifique e indicando qu\u00e9 derecho desea ejercer.<\/p>\r\n<p>Los usuarios tambi\u00e9n tienen derecho a presentar una reclamaci\u00f3n ante la autoridad de control competente en materia de protecci\u00f3n de datos, en Espa\u00f1a, la\u00a0Agencia Espa\u00f1ola de Protecci\u00f3n de Datos.<\/p>\r\n<table>\r\n<tbody>\r\n<tr>\r\n<td width=\"283\">Responsable del Tratamiento<\/td>\r\n<td width=\"283\">Arkrea Servicios de Arquitectura S. L. P.<\/td>\r\n<\/tr>\r\n<tr>\r\n<td width=\"283\">\r\n<p>&nbsp;<\/p>\r\n<p>Finalidades del Tratamiento<\/p>\r\n<\/td>\r\n<td width=\"283\">Atender a su consulta y prestarle los servicios propios del objeto social de Arkrea Servicios de Arquitectura S. L. P. y enviarle comunicaciones comerciales en caso de aceptaci\u00f3n.<\/td>\r\n<\/tr>\r\n<tr>\r\n<td width=\"283\">Legitimaci\u00f3n<\/td>\r\n<td width=\"283\">Consentimiento art. 6.1 a RGPD.<\/td>\r\n<\/tr>\r\n<tr>\r\n<td width=\"283\">Destinatarios<\/td>\r\n<td width=\"283\">No est\u00e1n previstas cesiones de datos personales.<\/td>\r\n<\/tr>\r\n<tr>\r\n<td width=\"283\">Derechos<\/td>\r\n<td width=\"283\">Acceder, rectificar y suprimir datos, as\u00ed como otros derechos, como se explica en la informaci\u00f3n adicional.<\/td>\r\n<\/tr>\r\n<tr>\r\n<td width=\"283\">M\u00e1s informaci\u00f3n<\/td>\r\n<td width=\"283\">Podr\u00e1 obtener m\u00e1s informaci\u00f3n en nuestra <a href=\"https:\/\/arkreaarquitectura.com\/index.php\/politica-de-privacidad\/\"><span style=\"color: #003fa2;\">Pol\u00edtica de Privacidad<\/span><\/a>.<\/td>\r\n<\/tr>\r\n<\/tbody>\r\n<\/table>\r\n<p>&nbsp;<\/p>\r\n<p>[\/vc_column_text]<div class=\"dfd-spacer-module\"  data-units=\"px\" data-wide_resolution=\"1280\" data-wide_size=\"40\" data-normal_resolution=\"1024\" data-normal_size=\"40\" data-tablet_resolution=\"800\" data-tablet_size=\"40\" data-mobile_resolution=\"480\" data-mobile_size=\"40\" style=\"height: 40px;\"><\/div>[\/vc_column][\/vc_row]<\/p><\/section>","protected":false},"excerpt":{"rendered":"<p>[vc_row dfd_row_config=\u00bbdefault_row_small_paddings\u00bb][vc_column][vc_column_text] 1.INTRODUCCI\u00d3N Esta pol\u00edtica de protecci\u00f3n de datos de car\u00e1cter personal (la \u201cPol\u00edtica de Privacidad\u201d) informa a los usuarios de la p\u00e1gina web www.arkreaarquitectura.com (la \u201cWeb\u201d) y a los<\/p>\n","protected":false},"author":1,"featured_media":0,"parent":0,"menu_order":0,"comment_status":"closed","ping_status":"closed","template":"page-custom-with-header.php","meta":{"_mi_skip_tracking":false,"_monsterinsights_sitenote_active":false,"_monsterinsights_sitenote_note":"","_monsterinsights_sitenote_category":0,"footnotes":""},"acf":[],"yoast_head":"<!-- This site is optimized with the Yoast SEO plugin v21.1 - https:\/\/yoast.com\/wordpress\/plugins\/seo\/ -->\n<title>Pol\u00edtica de Privacidad - Akrea Servicios de Arquitectura<\/title>\n<meta name=\"robots\" content=\"index, follow, max-snippet:-1, max-image-preview:large, max-video-preview:-1\" \/>\n<link rel=\"canonical\" href=\"https:\/\/arkreaarquitectura.com\/index.php\/politica-de-privacidad\/\" \/>\n<meta property=\"og:locale\" content=\"es_ES\" \/>\n<meta property=\"og:type\" content=\"article\" \/>\n<meta property=\"og:title\" content=\"Pol\u00edtica de Privacidad - Akrea Servicios de Arquitectura\" \/>\n<meta property=\"og:description\" content=\"[vc_row dfd_row_config=\u00bbdefault_row_small_paddings\u00bb][vc_column][vc_column_text] 1.INTRODUCCI\u00d3N Esta pol\u00edtica de protecci\u00f3n de datos de car\u00e1cter personal (la \u201cPol\u00edtica de Privacidad\u201d) informa a los usuarios de la p\u00e1gina web www.arkreaarquitectura.com (la \u201cWeb\u201d) y a los\" \/>\n<meta property=\"og:url\" content=\"https:\/\/arkreaarquitectura.com\/index.php\/politica-de-privacidad\/\" \/>\n<meta property=\"og:site_name\" content=\"Akrea Servicios de Arquitectura\" \/>\n<meta property=\"article:modified_time\" content=\"2023-10-06T11:47:45+00:00\" \/>\n<meta name=\"twitter:card\" content=\"summary_large_image\" \/>\n<meta name=\"twitter:label1\" content=\"Tiempo de lectura\" \/>\n\t<meta name=\"twitter:data1\" content=\"6 minutos\" \/>\n<script type=\"application\/ld+json\" class=\"yoast-schema-graph\">{\"@context\":\"https:\/\/schema.org\",\"@graph\":[{\"@type\":\"WebPage\",\"@id\":\"https:\/\/arkreaarquitectura.com\/index.php\/politica-de-privacidad\/\",\"url\":\"https:\/\/arkreaarquitectura.com\/index.php\/politica-de-privacidad\/\",\"name\":\"Pol\u00edtica de Privacidad - Akrea Servicios de Arquitectura\",\"isPartOf\":{\"@id\":\"https:\/\/arkreaarquitectura.com\/#website\"},\"datePublished\":\"2023-10-06T08:23:15+00:00\",\"dateModified\":\"2023-10-06T11:47:45+00:00\",\"breadcrumb\":{\"@id\":\"https:\/\/arkreaarquitectura.com\/index.php\/politica-de-privacidad\/#breadcrumb\"},\"inLanguage\":\"es\",\"potentialAction\":[{\"@type\":\"ReadAction\",\"target\":[\"https:\/\/arkreaarquitectura.com\/index.php\/politica-de-privacidad\/\"]}]},{\"@type\":\"BreadcrumbList\",\"@id\":\"https:\/\/arkreaarquitectura.com\/index.php\/politica-de-privacidad\/#breadcrumb\",\"itemListElement\":[{\"@type\":\"ListItem\",\"position\":1,\"name\":\"Portada\",\"item\":\"https:\/\/arkreaarquitectura.com\/\"},{\"@type\":\"ListItem\",\"position\":2,\"name\":\"Pol\u00edtica de Privacidad\"}]},{\"@type\":\"WebSite\",\"@id\":\"https:\/\/arkreaarquitectura.com\/#website\",\"url\":\"https:\/\/arkreaarquitectura.com\/\",\"name\":\"Akrea Servicios de Arquitectura\",\"description\":\"Arquitectos\",\"potentialAction\":[{\"@type\":\"SearchAction\",\"target\":{\"@type\":\"EntryPoint\",\"urlTemplate\":\"https:\/\/arkreaarquitectura.com\/?s={search_term_string}\"},\"query-input\":\"required name=search_term_string\"}],\"inLanguage\":\"es\"}]}<\/script>\n<!-- \/ Yoast SEO plugin. -->","yoast_head_json":{"title":"Pol\u00edtica de Privacidad - Akrea Servicios de Arquitectura","robots":{"index":"index","follow":"follow","max-snippet":"max-snippet:-1","max-image-preview":"max-image-preview:large","max-video-preview":"max-video-preview:-1"},"canonical":"https:\/\/arkreaarquitectura.com\/index.php\/politica-de-privacidad\/","og_locale":"es_ES","og_type":"article","og_title":"Pol\u00edtica de Privacidad - Akrea Servicios de Arquitectura","og_description":"[vc_row dfd_row_config=\u00bbdefault_row_small_paddings\u00bb][vc_column][vc_column_text] 1.INTRODUCCI\u00d3N Esta pol\u00edtica de protecci\u00f3n de datos de car\u00e1cter personal (la \u201cPol\u00edtica de Privacidad\u201d) informa a los usuarios de la p\u00e1gina web www.arkreaarquitectura.com (la \u201cWeb\u201d) y a los","og_url":"https:\/\/arkreaarquitectura.com\/index.php\/politica-de-privacidad\/","og_site_name":"Akrea Servicios de Arquitectura","article_modified_time":"2023-10-06T11:47:45+00:00","twitter_card":"summary_large_image","twitter_misc":{"Tiempo de lectura":"6 minutos"},"schema":{"@context":"https:\/\/schema.org","@graph":[{"@type":"WebPage","@id":"https:\/\/arkreaarquitectura.com\/index.php\/politica-de-privacidad\/","url":"https:\/\/arkreaarquitectura.com\/index.php\/politica-de-privacidad\/","name":"Pol\u00edtica de Privacidad - Akrea Servicios de Arquitectura","isPartOf":{"@id":"https:\/\/arkreaarquitectura.com\/#website"},"datePublished":"2023-10-06T08:23:15+00:00","dateModified":"2023-10-06T11:47:45+00:00","breadcrumb":{"@id":"https:\/\/arkreaarquitectura.com\/index.php\/politica-de-privacidad\/#breadcrumb"},"inLanguage":"es","potentialAction":[{"@type":"ReadAction","target":["https:\/\/arkreaarquitectura.com\/index.php\/politica-de-privacidad\/"]}]},{"@type":"BreadcrumbList","@id":"https:\/\/arkreaarquitectura.com\/index.php\/politica-de-privacidad\/#breadcrumb","itemListElement":[{"@type":"ListItem","position":1,"name":"Portada","item":"https:\/\/arkreaarquitectura.com\/"},{"@type":"ListItem","position":2,"name":"Pol\u00edtica de Privacidad"}]},{"@type":"WebSite","@id":"https:\/\/arkreaarquitectura.com\/#website","url":"https:\/\/arkreaarquitectura.com\/","name":"Akrea Servicios de Arquitectura","description":"Arquitectos","potentialAction":[{"@type":"SearchAction","target":{"@type":"EntryPoint","urlTemplate":"https:\/\/arkreaarquitectura.com\/?s={search_term_string}"},"query-input":"required name=search_term_string"}],"inLanguage":"es"}]}},"_links":{"self":[{"href":"https:\/\/arkreaarquitectura.com\/index.php\/wp-json\/wp\/v2\/pages\/19485"}],"collection":[{"href":"https:\/\/arkreaarquitectura.com\/index.php\/wp-json\/wp\/v2\/pages"}],"about":[{"href":"https:\/\/arkreaarquitectura.com\/index.php\/wp-json\/wp\/v2\/types\/page"}],"author":[{"embeddable":true,"href":"https:\/\/arkreaarquitectura.com\/index.php\/wp-json\/wp\/v2\/users\/1"}],"replies":[{"embeddable":true,"href":"https:\/\/arkreaarquitectura.com\/index.php\/wp-json\/wp\/v2\/comments?post=19485"}],"version-history":[{"count":14,"href":"https:\/\/arkreaarquitectura.com\/index.php\/wp-json\/wp\/v2\/pages\/19485\/revisions"}],"predecessor-version":[{"id":19527,"href":"https:\/\/arkreaarquitectura.com\/index.php\/wp-json\/wp\/v2\/pages\/19485\/revisions\/19527"}],"wp:attachment":[{"href":"https:\/\/arkreaarquitectura.com\/index.php\/wp-json\/wp\/v2\/media?parent=19485"}],"curies":[{"name":"wp","href":"https:\/\/api.w.org\/{rel}","templated":true}]}}