{"id":19505,"date":"2023-10-06T11:46:41","date_gmt":"2023-10-06T09:46:41","guid":{"rendered":"https:\/\/arkreaarquitectura.com\/?page_id=19505"},"modified":"2023-10-06T11:46:41","modified_gmt":"2023-10-06T09:46:41","slug":"accesibilidad","status":"publish","type":"page","link":"https:\/\/arkreaarquitectura.com\/index.php\/accesibilidad\/","title":{"rendered":"Accesibilidad"},"content":{"rendered":"<section class=\"wpb-content-wrapper\"><p>[vc_row dfd_row_config=\u00bbdefault_row_small_paddings\u00bb][vc_column]<div class=\"dfd-spacer-module\"  data-units=\"px\" data-wide_resolution=\"1280\" data-wide_size=\"50\" data-normal_resolution=\"1024\" data-normal_size=\"50\" data-tablet_resolution=\"800\" data-tablet_size=\"50\" data-mobile_resolution=\"480\" data-mobile_size=\"30\" style=\"height: 50px;\"><\/div>[vc_column_text]<\/p>\n<h3><strong>DECLARACI\u00d3N DE ACCESIBILIDAD<\/strong><\/h3>\n<p class=\"p1\"><span class=\"s1\">ARKREA SERVICIOS DE ARQUITECTURA, S.L.P. se ha comprometido en hacer accesible su sitio web <span style=\"color: #003fa2;\"><a style=\"color: #003fa2;\" href=\"https:\/\/arkreaarquitectura.com\/\">www.arkreaarquitectura.com<\/a><\/span><\/span><span class=\"s1\">, de conformidad con el <span style=\"color: #003fa2;\"><a style=\"color: #003fa2;\" href=\"http:\/\/www.boe.es\/diario_boe\/txt.php?id=BOE-A-2018-12699\">Real Decreto 1112\/2018, de 7 de septiembre, sobre accesibilidad de los sitios web y aplicaciones para dispositivos m\u00f3viles del sector p\u00fablico<\/a><\/span><\/span><span class=\"s1\">.<\/span><\/p>\n<p class=\"p2\"><span class=\"s3\">La presente declaraci\u00f3n de accesibilidad se aplica al sitio web <span class=\"s1\"><span style=\"color: #003fa2;\"><a style=\"color: #003fa2;\" href=\"https:\/\/arkreaarquitectura.com\/\">www.arkreaarquitectura.com<\/a><\/span><\/span>:<\/span><\/p>\n<h3><strong>SITUACI\u00d3N DE CUMPLIMIENTO<\/strong><\/h3>\n<p class=\"p1\"><span class=\"s1\">Este sitio web es conforme con el <span style=\"color: #003fa2;\"><a style=\"color: #003fa2;\" href=\"http:\/\/www.boe.es\/diario_boe\/txt.php?id=BOE-A-2018-12699\">RD 1112\/2018<\/a><\/span><\/span><span class=\"s1\">.<\/span><\/p>\n<h3><strong>CONTENIDO NO ACCESIBLE<\/strong><\/h3>\n<p class=\"p1\"><span class=\"s1\">Falta de conformidad con el RD 1112\/2018.<\/span><span class=\"s2\"><br \/>\n<\/span><span class=\"s1\">Podr\u00edan existir falta de contraste puntualmente en algunos textos. [9.1.4.3 Contraste (m\u00ednimo)].<\/span><span class=\"s2\"><br \/>\n<\/span><span class=\"s1\">Al navegar mediante el teclado, el foco no resulta visible. Es posible navegar mediante el teclado, siguiendo las indicaciones de posici\u00f3n mostradas en la barra de estado del navegador. [9.2.4.7 Foco visible]<\/span><\/p>\n<p class=\"p1\"><span class=\"s1\">Carga desproporcionada<\/span><span class=\"s2\"><br \/>\n<\/span><span class=\"s1\">No aplica.<\/span><\/p>\n<h3><strong>REALIZACI\u00d3N DE LA PRESENTE DECLARACI\u00d3N DE ACCESIBILIDAD<\/strong><\/h3>\n<p class=\"p1\"><span class=\"s1\">La presente declaraci\u00f3n fue realizada el 03 de octubre de 2023.<\/span><\/p>\n<p class=\"p2\"><span class=\"s2\">La presente declaraci\u00f3n ha sido llevada a cabo por el agente digitalizador encargado de la ejecuci\u00f3n del presente sitio web.<\/span><\/p>\n<h3><strong>OBSERVACIONES Y DATOS DE CONTACTO<\/strong><\/h3>\n<p class=\"p1\"><span class=\"s1\">Puede realizar\u00a0comunicaciones\u00a0sobre requisitos de accesibilidad (art\u00edculo 10.2.a del RD 1112\/2018) como por ejemplo:<\/span><\/p>\n<ul class=\"ul1\">\n<li class=\"li2\"><span class=\"s1\">Informar sobre cualquier posible incumplimiento por parte de este sitio web.<\/span><\/li>\n<li class=\"li2\"><span class=\"s1\">Transmitir otras\u00a0dificultades de acceso\u00a0al contenido.<\/span><\/li>\n<li class=\"li2\"><span class=\"s1\">Formular cualquier otra\u00a0consulta o sugerencia de mejora\u00a0relativa a la accesibilidad del sitio web.<\/span><\/li>\n<\/ul>\n<p class=\"p1\"><span class=\"s1\">A trav\u00e9s de los siguientes medios facilitados por el propietario del presente sitio web; e-mail: estudio@arkreaarquitectura.com o tel\u00e9fono +34 944 416 036.<\/span><\/p>\n<p class=\"p1\"><span class=\"s1\">Pudiendo presentar:<\/span><\/p>\n<ul class=\"ul1\">\n<li class=\"li2\"><span class=\"s1\">Quejarelativa al cumplimiento de los requisitos del RD 1112\/2018.<\/span><\/li>\n<li class=\"li2\"><span class=\"s1\">Solicitud de informaci\u00f3n accesible\u00a0relativa a:<\/span><span class=\"s3\"><br \/>\n<\/span><span class=\"s1\">Contenidos que est\u00e1n excluidos del \u00e1mbito de aplicaci\u00f3n del RD 1112\/2018 seg\u00fan lo establecido por el art\u00edculo 3, apartado 4.<\/span><span class=\"s3\"><br \/>\n<\/span><span class=\"s1\">Contenidos que est\u00e1n exentos del cumplimiento de los requisitos de accesibilidad por imponer una carga desproporcionada.<\/span><\/li>\n<\/ul>\n<p class=\"p1\"><span class=\"s1\">En la solicitud de informaci\u00f3n accesible, se debe concretar, con toda claridad, los hechos, razones y petici\u00f3n que permitan constatar que se trata de una solicitud razonable y leg\u00edtima.<\/span><\/p>\n<p class=\"p3\"><span class=\"s3\">Las quejas y reclamaciones sobre informaci\u00f3n accesible se realizar\u00e1n a trav\u00e9s del e-mail: estudio@arkreaarquitectura.com, y ser\u00e1n recibidas y tratadas personalmente por el propietario del presente sitio web.<\/span><\/p>\n<h3><strong>PROCEDIMIENTO DE APLICACI\u00d3N<\/strong><\/h3>\n<p class=\"p1\"><span class=\"s1\">Si una vez realizada una solicitud de informaci\u00f3n accesible o queja, \u00e9sta hubiera sido desestimada, no se estuviera de acuerdo con la decisi\u00f3n adoptada, o la respuesta no cumpliera los requisitos contemplados en el art\u00edculo 12.5, la persona interesada podr\u00e1 iniciar una reclamaci\u00f3n. Igualmente se podr\u00e1 iniciar una reclamaci\u00f3n en el caso de que haya transcurrido el plazo de veinte d\u00edas h\u00e1biles sin haber obtenido respuesta.<\/span><\/p>\n<p class=\"p1\"><span class=\"s1\">La reclamaci\u00f3n puede ser presentada trav\u00e9s de la Instancia Gen\u00e9rica de la Sede electr\u00f3nica del Ministerio de Asuntos Econ\u00f3micos y Transformaci\u00f3n Digital , as\u00ed como en el resto de opciones recogidas en la Ley 39\/ 2015, de 1 de octubre, del Procedimiento Administrativo Com\u00fan de las Administraciones P\u00fablicas. Las reclamaciones ser\u00e1n recibidas y tratadas por la Subdirecci\u00f3n General de Inspecci\u00f3n de Servicios del Ministerio.<\/span><\/p>\n<h3><strong>CONTENIDO OPCIONAL<\/strong><\/h3>\n<p class=\"p1\"><span class=\"s1\">El presente sitio web est\u00e1 dise\u00f1ado para poder cambiar el tama\u00f1o del texto y el color, as\u00ed como el fondo de la p\u00e1gina mediante las opciones de configuraci\u00f3n est\u00e1ndar de los navegadores.<\/span><\/p>\n<p class=\"p1\"><span class=\"s1\">Si desea cambiar el tama\u00f1o de letra del texto en los principales navegadores gr\u00e1ficos utilice los siguientes men\u00fas:<\/span><\/p>\n<ul class=\"ul1\">\n<li class=\"li2\"><span class=\"s1\">Internet Explorer, Mozilla y Firefox: Ver &gt; Tama\u00f1o del texto.<\/span><\/li>\n<li class=\"li2\"><span class=\"s1\">Opera: Ver &gt; Zoom.<\/span><\/li>\n<li class=\"li2\"><span class=\"s1\">Safari: Ver &gt; Hacer el texto m\u00e1s grande.<\/span><\/li>\n<li class=\"li2\"><span class=\"s1\">Chrome: Controla la p\u00e1gina actual &gt; Tama\u00f1o del texto.<\/span><\/li>\n<li class=\"li2\"><span class=\"s1\">Para modificar el tama\u00f1o de todo en la p\u00e1gina:<\/span><span class=\"s3\"><br \/>\n<\/span><span class=\"s1\">\u2014 Ctrl (Comando en Mac) + para aumentarlo.<\/span><span class=\"s3\"><br \/>\n<\/span><span class=\"s1\">\u2014 Ctrl (Comando en Mac) \u2013 para disminuirlo.<\/span><span class=\"s3\"><br \/>\n<\/span><span class=\"s1\">\u2014 Ctrl (Comando en Mac) 0 restaura el tama\u00f1o original del texto.<\/span><span class=\"s3\"><br \/>\n<\/span><span class=\"s1\">\u2014 Si lo que quiere es anular la hoja de estilos o modificar el color del texto, puede consultar la p\u00e1gina <span style=\"color: #003fa2;\"><a style=\"color: #003fa2;\" href=\"https:\/\/www.w3.org\/WAI\/changedesign.html\" class=\"broken_link\">How to Change Text Size or Colors de la WAI<\/a><\/span><\/span><span class=\"s1\">, que se puede leer traducida al espa\u00f1ol en\u00a0<i>\u00bfC\u00f3mo cambiar el tama\u00f1o del texto o colores?.<\/i><\/span><\/li>\n<\/ul>\n<p>[\/vc_column_text]<div class=\"dfd-spacer-module\"  data-units=\"px\" data-wide_resolution=\"1280\" data-wide_size=\"40\" data-normal_resolution=\"1024\" data-normal_size=\"40\" data-tablet_resolution=\"800\" data-tablet_size=\"40\" data-mobile_resolution=\"480\" data-mobile_size=\"40\" style=\"height: 40px;\"><\/div>[\/vc_column][vc_column][\/vc_column][\/vc_row]<\/p>\n<\/section>","protected":false},"excerpt":{"rendered":"<p>[vc_row dfd_row_config=\u00bbdefault_row_small_paddings\u00bb][vc_column][vc_column_text] DECLARACI\u00d3N DE ACCESIBILIDAD ARKREA SERVICIOS DE ARQUITECTURA, S.L.P. se ha comprometido en hacer accesible su sitio web www.arkreaarquitectura.com, de conformidad con el Real Decreto 1112\/2018, de 7 de<\/p>\n","protected":false},"author":1,"featured_media":0,"parent":0,"menu_order":0,"comment_status":"closed","ping_status":"closed","template":"page-custom-with-header.php","meta":{"_mi_skip_tracking":false,"_monsterinsights_sitenote_active":false,"_monsterinsights_sitenote_note":"","_monsterinsights_sitenote_category":0,"footnotes":""},"acf":[],"yoast_head":"<!-- This site is optimized with the Yoast SEO plugin v21.1 - https:\/\/yoast.com\/wordpress\/plugins\/seo\/ -->\n<title>Accesibilidad - Akrea Servicios de Arquitectura<\/title>\n<meta name=\"robots\" content=\"index, follow, max-snippet:-1, max-image-preview:large, max-video-preview:-1\" \/>\n<link rel=\"canonical\" href=\"https:\/\/arkreaarquitectura.com\/index.php\/accesibilidad\/\" \/>\n<meta property=\"og:locale\" content=\"es_ES\" \/>\n<meta property=\"og:type\" content=\"article\" \/>\n<meta property=\"og:title\" content=\"Accesibilidad - Akrea Servicios de Arquitectura\" \/>\n<meta property=\"og:description\" content=\"[vc_row dfd_row_config=\u00bbdefault_row_small_paddings\u00bb][vc_column][vc_column_text] DECLARACI\u00d3N DE ACCESIBILIDAD ARKREA SERVICIOS DE ARQUITECTURA, S.L.P. se ha comprometido en hacer accesible su sitio web www.arkreaarquitectura.com, de conformidad con el Real Decreto 1112\/2018, de 7 de\" \/>\n<meta property=\"og:url\" content=\"https:\/\/arkreaarquitectura.com\/index.php\/accesibilidad\/\" \/>\n<meta property=\"og:site_name\" content=\"Akrea Servicios de Arquitectura\" \/>\n<meta name=\"twitter:card\" content=\"summary_large_image\" \/>\n<meta name=\"twitter:label1\" content=\"Tiempo de lectura\" \/>\n\t<meta name=\"twitter:data1\" content=\"3 minutos\" \/>\n<script type=\"application\/ld+json\" class=\"yoast-schema-graph\">{\"@context\":\"https:\/\/schema.org\",\"@graph\":[{\"@type\":\"WebPage\",\"@id\":\"https:\/\/arkreaarquitectura.com\/index.php\/accesibilidad\/\",\"url\":\"https:\/\/arkreaarquitectura.com\/index.php\/accesibilidad\/\",\"name\":\"Accesibilidad - Akrea Servicios de Arquitectura\",\"isPartOf\":{\"@id\":\"https:\/\/arkreaarquitectura.com\/#website\"},\"datePublished\":\"2023-10-06T09:46:41+00:00\",\"dateModified\":\"2023-10-06T09:46:41+00:00\",\"breadcrumb\":{\"@id\":\"https:\/\/arkreaarquitectura.com\/index.php\/accesibilidad\/#breadcrumb\"},\"inLanguage\":\"es\",\"potentialAction\":[{\"@type\":\"ReadAction\",\"target\":[\"https:\/\/arkreaarquitectura.com\/index.php\/accesibilidad\/\"]}]},{\"@type\":\"BreadcrumbList\",\"@id\":\"https:\/\/arkreaarquitectura.com\/index.php\/accesibilidad\/#breadcrumb\",\"itemListElement\":[{\"@type\":\"ListItem\",\"position\":1,\"name\":\"Portada\",\"item\":\"https:\/\/arkreaarquitectura.com\/\"},{\"@type\":\"ListItem\",\"position\":2,\"name\":\"Accesibilidad\"}]},{\"@type\":\"WebSite\",\"@id\":\"https:\/\/arkreaarquitectura.com\/#website\",\"url\":\"https:\/\/arkreaarquitectura.com\/\",\"name\":\"Akrea Servicios de Arquitectura\",\"description\":\"Arquitectos\",\"potentialAction\":[{\"@type\":\"SearchAction\",\"target\":{\"@type\":\"EntryPoint\",\"urlTemplate\":\"https:\/\/arkreaarquitectura.com\/?s={search_term_string}\"},\"query-input\":\"required name=search_term_string\"}],\"inLanguage\":\"es\"}]}<\/script>\n<!-- \/ Yoast SEO plugin. -->","yoast_head_json":{"title":"Accesibilidad - Akrea Servicios de Arquitectura","robots":{"index":"index","follow":"follow","max-snippet":"max-snippet:-1","max-image-preview":"max-image-preview:large","max-video-preview":"max-video-preview:-1"},"canonical":"https:\/\/arkreaarquitectura.com\/index.php\/accesibilidad\/","og_locale":"es_ES","og_type":"article","og_title":"Accesibilidad - Akrea Servicios de Arquitectura","og_description":"[vc_row dfd_row_config=\u00bbdefault_row_small_paddings\u00bb][vc_column][vc_column_text] DECLARACI\u00d3N DE ACCESIBILIDAD ARKREA SERVICIOS DE ARQUITECTURA, S.L.P. se ha comprometido en hacer accesible su sitio web www.arkreaarquitectura.com, de conformidad con el Real Decreto 1112\/2018, de 7 de","og_url":"https:\/\/arkreaarquitectura.com\/index.php\/accesibilidad\/","og_site_name":"Akrea Servicios de Arquitectura","twitter_card":"summary_large_image","twitter_misc":{"Tiempo de lectura":"3 minutos"},"schema":{"@context":"https:\/\/schema.org","@graph":[{"@type":"WebPage","@id":"https:\/\/arkreaarquitectura.com\/index.php\/accesibilidad\/","url":"https:\/\/arkreaarquitectura.com\/index.php\/accesibilidad\/","name":"Accesibilidad - Akrea Servicios de Arquitectura","isPartOf":{"@id":"https:\/\/arkreaarquitectura.com\/#website"},"datePublished":"2023-10-06T09:46:41+00:00","dateModified":"2023-10-06T09:46:41+00:00","breadcrumb":{"@id":"https:\/\/arkreaarquitectura.com\/index.php\/accesibilidad\/#breadcrumb"},"inLanguage":"es","potentialAction":[{"@type":"ReadAction","target":["https:\/\/arkreaarquitectura.com\/index.php\/accesibilidad\/"]}]},{"@type":"BreadcrumbList","@id":"https:\/\/arkreaarquitectura.com\/index.php\/accesibilidad\/#breadcrumb","itemListElement":[{"@type":"ListItem","position":1,"name":"Portada","item":"https:\/\/arkreaarquitectura.com\/"},{"@type":"ListItem","position":2,"name":"Accesibilidad"}]},{"@type":"WebSite","@id":"https:\/\/arkreaarquitectura.com\/#website","url":"https:\/\/arkreaarquitectura.com\/","name":"Akrea Servicios de Arquitectura","description":"Arquitectos","potentialAction":[{"@type":"SearchAction","target":{"@type":"EntryPoint","urlTemplate":"https:\/\/arkreaarquitectura.com\/?s={search_term_string}"},"query-input":"required name=search_term_string"}],"inLanguage":"es"}]}},"_links":{"self":[{"href":"https:\/\/arkreaarquitectura.com\/index.php\/wp-json\/wp\/v2\/pages\/19505"}],"collection":[{"href":"https:\/\/arkreaarquitectura.com\/index.php\/wp-json\/wp\/v2\/pages"}],"about":[{"href":"https:\/\/arkreaarquitectura.com\/index.php\/wp-json\/wp\/v2\/types\/page"}],"author":[{"embeddable":true,"href":"https:\/\/arkreaarquitectura.com\/index.php\/wp-json\/wp\/v2\/users\/1"}],"replies":[{"embeddable":true,"href":"https:\/\/arkreaarquitectura.com\/index.php\/wp-json\/wp\/v2\/comments?post=19505"}],"version-history":[{"count":5,"href":"https:\/\/arkreaarquitectura.com\/index.php\/wp-json\/wp\/v2\/pages\/19505\/revisions"}],"predecessor-version":[{"id":19510,"href":"https:\/\/arkreaarquitectura.com\/index.php\/wp-json\/wp\/v2\/pages\/19505\/revisions\/19510"}],"wp:attachment":[{"href":"https:\/\/arkreaarquitectura.com\/index.php\/wp-json\/wp\/v2\/media?parent=19505"}],"curies":[{"name":"wp","href":"https:\/\/api.w.org\/{rel}","templated":true}]}}